{"id":5912,"date":"2020-04-21T05:57:44","date_gmt":"2020-04-21T04:57:44","guid":{"rendered":"http:\/\/bistro.eurac.edu\/?page_id=5912"},"modified":"2023-07-12T05:58:18","modified_gmt":"2023-07-12T04:58:18","slug":"news_lad","status":"publish","type":"page","link":"https:\/\/bistro.eurac.edu\/la\/news_lad\/","title":{"rendered":"NEWS_LAD"},"content":{"rendered":"<h1 style=\"text-align: center;\"><span style=\"color: #a7a9ac;\"><strong>News<\/strong><\/span><\/h1>\n<p><span style=\"color: #999999;\"><strong>12.07.2023:<\/strong> S\u00ebgn ciaf\u00ebise online les schedes terminologiches n\u00f6ies s\u00f6n le tema Condomine.<\/span><\/p>\n<p><span style=\"color: #999999;\"><strong>25.05.2023:<\/strong> Online te <em>bistro<\/em>: les denominaziuns di ministers dl Govern da s\u00ebgn.<\/span><\/p>\n<p><span style=\"color: #a7a9ac;\"><strong>09.08.2022<\/strong>: S\u00ebgn ciaf\u00ebise online les schedes terminologiches n\u00f6ies s\u00f6n la segur\u00ebza digitala.<\/span><\/p>\n<p><span style=\"color: #a7a9ac;\"><strong>27.09.2021<\/strong>: Te <em>bistro <\/em>v\u00e1ra da visualis\u00e9 na lista de d\u00f6tes les schedes che reverda l\u2019emerg\u00ebnza epidemiologica da COVID-19. D\u00f6ta la terminologia de ch\u00ebsc y d\u2019atri ciamps \u00e9 da ciaf\u00e9 te <em>bistro<\/em>, che v\u00ebgn ajorn\u00e9 y ampli\u00e9 regolarm\u00ebnter.<\/span><\/p>\n<p><span style=\"color: #a7a9ac;\"><strong>02.08.2021:\u00a0<\/strong>Atenziun:\u00a0Porvia de rajuns tecniches n\u2019\u00e9 <em>bistro <\/em>al mom\u00ebnt nia stabil. I ciarun da ciaf\u00e9 na soluziun le pl\u00fc debota che ara v\u00e1. Pordenede pr\u00ebibel sce al v\u00ebgn a se d\u00e9 problems.<\/span><\/p>\n<p><span style=\"color: #a7a9ac;\"><strong>10.06.2021:<\/strong> Te<em> bistro <\/em>\u00e9l s\u00ebgn dui seturs n\u00fcs: le d\u00ebrt sanitar y le d\u00ebrt dla privacy. Impl\u00fc v\u00e1ra ince da visualis\u00e9 na lista de d\u00f6tes les schedes che reverda l&#8217;emerg\u00ebnza epidemiologica da COVID-19. D\u00f6ta la terminologia de chisc dui y d&#8217;atri ciamps \u00e9 da ciaf\u00e9 te bistro, che v\u00ebgn ajorn\u00e9 y ampli\u00e9 regolarm\u00ebnter.<\/span><\/p>\n<p><span style=\"color: #a7a9ac;\"><strong>17.04.2020<\/strong>:\u00a0S\u00ebgn online te <em>bistro<\/em>: schedes terminologiches laurades fora s\u00f6n l\u2019emerg\u00ebnza Coronavirus por talian y tod\u00ebsch. Ares reverda la legislaziun, la sanit\u00e9 publica y l\u2019emerg\u00ebnza sanitara en general. N glossar cun i terms prinzipai s\u00f6n la tematica \u00e9 da ciaf\u00e9<\/span> <a href=\"http:\/\/www.provinzia.bz.it\/segureza-proteziun-zivila\/proteziun-zivila\/coronavirus-downloads-documenc-da-desciarie.asp?publ_action=300&amp;publ_image_id=528622\">chil\u00f3<\/a> <span style=\"color: #a7a9ac;\">(ajorn\u00e9 al 1\/04\/2020). Ch\u00ebsta y d&#8217;atra terminologia s\u00f6n la tematica \u00e9 da ciaf\u00e9 te <em>bistro<\/em> cun terms, definiziuns, contes\u0107 y comentars ajorn\u00e1 tresfora.<\/span><\/p>\n<p><span style=\"color: #a7a9ac;\"><strong>15.12.2019<\/strong>:\u00a0Online passa 1.500 schedes terminologiches s\u00f6n la segur\u00ebza s\u00f6n le post de laur por talian y tod\u00ebsch.<\/span><\/p>\n<p><span style=\"color: #a7a9ac;\"><strong>05.12.2018<\/strong>: S\u00ebgn ciaf\u00ebise online les schedes terminologiches n\u00f6ies s\u00f6n le testam\u00ebnt biologich y le regolam\u00ebnt general s\u00f6n la proteziun di dac (GDPR).<\/span><\/p>\n<p><span style=\"color: #a7a9ac;\"><strong>01.10.2018<\/strong>:\u00a0Online la terminologia s\u00f6n le testam\u00ebnt biologich.<\/span><\/p>\n<p><span style=\"color: #a7a9ac;\"><strong>07.02.2018<\/strong>:\u00a0Online la terminologia s\u00f6n les uniuns ziviles y les sorts desvalies de scora por talian y tod\u00ebsch.<\/span><\/p>\n<p><span style=\"color: #a7a9ac;\"><strong>27.01.2017<\/strong>: Le tutorial de <em>bistro<\/em> \u00e8 online! Clichede<\/span> <a href=\"https:\/\/youtu.be\/nzTzZs3YQlM\">chil\u00f3<\/a><span style=\"color: #a7a9ac;\"> por l\u2019od\u00ebi.<\/span><\/p>\n<p><span style=\"color: #a7a9ac;\"><strong>16.10.2016<\/strong>: <em>bistro<\/em> \u00e9 gn\u00fc pons\u00e9 y cheri\u00e9 dan da passa diesc agn. Da dail\u00f3 inant unse tres laur\u00e9 lassura y coi\u00fc ad\u00f6m les propostes dles anuzad\u00ebsses y di anuzadus por elabor\u00e9 n sistem pl\u00fc complet, asvelt y saur\u00ed da d\u2019ador\u00e9. Na bona inrescida!<\/span><\/p>\n","protected":false},"excerpt":{"rendered":"<p>News 12.07.2023: S\u00ebgn ciaf\u00ebise online les schedes terminologiches n\u00f6ies s\u00f6n le tema Condomine. 25.05.2023: Online te bistro: les denominaziuns di ministers dl Govern da s\u00ebgn. 09.08.2022: S\u00ebgn ciaf\u00ebise online les schedes terminologiches n\u00f6ies s\u00f6n la segur\u00ebza digitala. 27.09.2021: Te bistro&#8230;<\/p>\n","protected":false},"author":3,"featured_media":0,"parent":0,"menu_order":0,"comment_status":"closed","ping_status":"closed","template":"","meta":{"footnotes":""},"class_list":["post-5912","page","type-page","status-publish","hentry"],"_links":{"self":[{"href":"https:\/\/bistro.eurac.edu\/la\/wp-json\/wp\/v2\/pages\/5912","targetHints":{"allow":["GET"]}}],"collection":[{"href":"https:\/\/bistro.eurac.edu\/la\/wp-json\/wp\/v2\/pages"}],"about":[{"href":"https:\/\/bistro.eurac.edu\/la\/wp-json\/wp\/v2\/types\/page"}],"author":[{"embeddable":true,"href":"https:\/\/bistro.eurac.edu\/la\/wp-json\/wp\/v2\/users\/3"}],"replies":[{"embeddable":true,"href":"https:\/\/bistro.eurac.edu\/la\/wp-json\/wp\/v2\/comments?post=5912"}],"version-history":[{"count":9,"href":"https:\/\/bistro.eurac.edu\/la\/wp-json\/wp\/v2\/pages\/5912\/revisions"}],"predecessor-version":[{"id":6341,"href":"https:\/\/bistro.eurac.edu\/la\/wp-json\/wp\/v2\/pages\/5912\/revisions\/6341"}],"wp:attachment":[{"href":"https:\/\/bistro.eurac.edu\/la\/wp-json\/wp\/v2\/media?parent=5912"}],"curies":[{"name":"wp","href":"https:\/\/api.w.org\/{rel}","templated":true}]}}