{"id":5620,"date":"2016-09-01T14:32:09","date_gmt":"2016-09-01T13:32:09","guid":{"rendered":"http:\/\/bistro.eurac.edu\/la\/?page_id=5620"},"modified":"2023-09-28T17:31:54","modified_gmt":"2023-09-28T16:31:54","slug":"co-adore-bistro","status":"publish","type":"page","link":"https:\/\/bistro.eurac.edu\/la\/co-adore-bistro\/","title":{"rendered":"Co ador\u00e9 bistro"},"content":{"rendered":"<h1><span style=\"color: #a7a9ac;\">Co ador\u00e9 bistro<\/span><\/h1>\n<p><span style=\"color: #a7a9ac;\">Clichede <a href=\"http:\/\/bistro.eurac.edu\/wp-content\/uploads\/2023\/09\/Co_Adore_Bistro.pdf\">chil\u00f3<\/a> por daur\u00ed le pdf <strong>Co ador\u00e9<\/strong> <strong>bistro<\/strong>.<\/span><\/p>\n<p><span style=\"color: #a7a9ac;\"><em>bistro<\/em> te cater minuc:<\/span><\/p>\n<p><iframe loading=\"lazy\" src=\"https:\/\/www.youtube.com\/embed\/nzTzZs3YQlM\" width=\"640\" height=\"360\" frameborder=\"0\" allowfullscreen=\"allowfullscreen\"><\/iframe><\/p>\n","protected":false},"excerpt":{"rendered":"<p>Co ador\u00e9 bistro Clichede chil\u00f3 por daur\u00ed le pdf Co ador\u00e9 bistro. bistro te cater minuc:<\/p>\n","protected":false},"author":4,"featured_media":0,"parent":0,"menu_order":0,"comment_status":"closed","ping_status":"closed","template":"","meta":{"footnotes":""},"class_list":["post-5620","page","type-page","status-publish","hentry"],"_links":{"self":[{"href":"https:\/\/bistro.eurac.edu\/la\/wp-json\/wp\/v2\/pages\/5620","targetHints":{"allow":["GET"]}}],"collection":[{"href":"https:\/\/bistro.eurac.edu\/la\/wp-json\/wp\/v2\/pages"}],"about":[{"href":"https:\/\/bistro.eurac.edu\/la\/wp-json\/wp\/v2\/types\/page"}],"author":[{"embeddable":true,"href":"https:\/\/bistro.eurac.edu\/la\/wp-json\/wp\/v2\/users\/4"}],"replies":[{"embeddable":true,"href":"https:\/\/bistro.eurac.edu\/la\/wp-json\/wp\/v2\/comments?post=5620"}],"version-history":[{"count":12,"href":"https:\/\/bistro.eurac.edu\/la\/wp-json\/wp\/v2\/pages\/5620\/revisions"}],"predecessor-version":[{"id":6387,"href":"https:\/\/bistro.eurac.edu\/la\/wp-json\/wp\/v2\/pages\/5620\/revisions\/6387"}],"wp:attachment":[{"href":"https:\/\/bistro.eurac.edu\/la\/wp-json\/wp\/v2\/media?parent=5620"}],"curies":[{"name":"wp","href":"https:\/\/api.w.org\/{rel}","templated":true}]}}