{"id":5548,"date":"2016-08-29T17:48:06","date_gmt":"2016-08-29T16:48:06","guid":{"rendered":"http:\/\/bistro.eurac.edu\/la\/?page_id=5548"},"modified":"2018-04-10T07:21:55","modified_gmt":"2018-04-10T06:21:55","slug":"termins-y-condiziuns-dadornaza-dl-sit-web","status":"publish","type":"page","link":"https:\/\/bistro.eurac.edu\/la\/termins-y-condiziuns-dadornaza-dl-sit-web\/","title":{"rendered":"Termins y condiziuns d\u2019adornaza dl sit web"},"content":{"rendered":"<section class=\"l-section wpb_row height_medium\"><div class=\"l-section-h g-html i-cf\"><div class=\"g-cols offset_medium\"><div class=\" full-width\"><div class=\"wpb_text_column \"><div class=\"wpb_wrapper\">\n<h2 style=\"text-align: center;\"><strong>Termins y condiziuns d\u2019adornaza dl sit web<\/strong><\/h2>\n<p><strong>\u00a0<\/strong><\/p>\n<p><strong>Academia Europeica de Balsan &#8211; Eurac Research<\/strong><br \/>\nAlea Druso, 1<br \/>\n39100 Balsan &#8211; Talia<br \/>\nTel: +39 0471 055 100<br \/>\nE-mail: linguistics@eurac.edu<br \/>\nPartita IVA: 01659400210<\/p>\n<h2>Notes legales<\/h2>\n<p style=\"text-align: justify;\">Ch\u00ebsc sit http:\/\/bistro.eurac.edu (ded\u00f4 ma pl\u00fc \u201csit\u201d) cont\u00ebgn na banca dac de terminologia iuridica.<\/p>\n<p style=\"text-align: justify;\">Le titolar dl sit \u00e9 l\u2019Academia Europeica de Balsan (ded\u00f4 ajache al \u00e9 pl\u00fc c\u00f6rt ma pl\u00fc \u201cEurac Research\u201d).<\/p>\n<p style=\"text-align: justify;\">Por se daid\u00e9 pit\u00e9 de d\u00ebrc dac ajorn\u00e1 ti aconsiunse ai ut\u00ebnc da segnal\u00e9 vigni imprezijiun o malfunzionam\u00ebnt invian na e-mail a <a href=\"mailto:bistro@EURAC.edu\">bistro@eurac.edu<\/a> o scrion fora le formular de \u201cFeedback\u201d.<\/p>\n<p style=\"text-align: justify;\">L\u2019azes o l\u2019adoranza de ch\u00ebsc sit web porta pro al\u2019azetaziun z\u00ebnza restriziuns da pert dl ut\u00ebnt dles condiziuns spezificades dessot. Tl caje contrar ne sar\u00e1l nia conzed\u00fc da ti rov\u00e9 pormez y ador\u00e9 dac de bel anfat ci sort s\u00f6n ch\u00ebsc sit.<\/p>\n<p style=\"text-align: justify;\">Eurac Research se resserv\u00ebia le d\u00ebrt d\u2019ajorn\u00e9 o mud\u00e9 i contign\u00fcs de ch\u00ebsc sit, sci\u00f6che ince les condiziuns y les modalit\u00e9s d\u2019adoranza dl sit web, z\u00ebnza degun dov\u00ebi de preavis. Tl caje de mudaziuns dles condiziuns comporta l\u2019azes al sit l\u2019imp\u00ebgn da respet\u00e9 les condiziuns insci\u00f6 sci\u00f6che ares \u00e9 gn\u00fcdes mudades.<\/p>\n<p style=\"text-align: justify;\">L\u2019inosservanza eventuala de ch\u00ebstes desposiziuns, ater co tl caje de autorisaziun esplizita scrita por i d\u00ebrc desponibli, gnar\u00e1 porseghitada tles s\u00ebntes iudiziares ziviles y penales de Balsan compet\u00ebntes alad\u00f4 dla lege taliana.<\/p>\n<h2>Esenziun da responsabilit\u00e9s<\/h2>\n<p style=\"text-align: justify;\">D\u00fcc i contign\u00fcs de ch\u00ebsc sit v\u00ebgn scric y ajorn\u00e1 cun gran cura y atenziun. Ch\u00ebsc podess a vigni moda ne garant\u00ed nia la coret\u00ebza, la complet\u00ebza y l\u2019atualit\u00e9 di contign\u00fcs \u2013 porch\u00ebl ne podar\u00e1 Eurac Research nia gn\u00ed aratada te degun caje responsabla di dagns de bel anfat ci sort gauj\u00e1 diretam\u00ebnter, indiretam\u00ebnter o adinfal ai ut\u00ebnc, che v\u00ebgn dal azes y dal\u2019adoranza dl sit, sci\u00f6che ince dala let\u00f6ra o dal\u2019adoranza dles informaziuns publicades o di contign\u00fcs s\u00f6n le sit, porvia de fai y omisciuns che reverda i contign\u00fcs public\u00e1 s\u00f6n le sit, sci\u00f6che ince dal nia ester bugn da ti rov\u00e9 pormez.<\/p>\n<p style=\"text-align: justify;\">I contign\u00fcs dl sit v\u00ebgn scric y cur\u00e1 dal Istitut de linguistica aplicada de Eurac Research.<\/p>\n<p style=\"text-align: justify;\">Eurac Research se resserv\u00ebia ince le d\u00ebrt da proib\u00ed o tign\u00ed s\u00f6, te vigni mom\u00ebnt y z\u00ebnza preavis l\u2019azes a ch\u00ebsc sit y a s\u00fc sorvisc.<\/p>\n<p style=\"text-align: justify;\">I contign\u00fcs ne costitu\u00ebsc deg\u00f6na forma de consul\u00ebnza.<\/p>\n<h2>Azes ai sic esterns coli\u00e1<\/h2>\n<p style=\"text-align: justify;\">Eurac Research n\u2019\u00e1 deg\u00f6na responsabilit\u00e9 por ci che reverda i sic esterns a chi che ara v\u00e1 da ti rov\u00e9 pormez tres i coliam\u00ebnc s\u00f6n le sit. Eurac Research n\u2019\u00e9 nia responsabla no dles informaziuns ciafades dal ut\u00ebnt tres so azes, no dles carateristiches de azessibilit\u00e9 y adoranza: dla complet\u00ebza y prezijiun dles informaziuns desponibles s\u00f6n chisc sic, sci\u00f6che ince de s\u00fca grafica y funzionalit\u00e9, \u00e1 i titolars di sic a chi che an ti r\u00f6ia pormez a s\u00fces condiziuns la responsabilit\u00e9.<\/p>\n<h2>Copyright<\/h2>\n<p style=\"text-align: justify;\">Ch\u00ebsc sit y, olache al ne v\u00ebgn nia d\u00e9 dant val\u2019 d\u2019ater, d\u00fcc i d\u00ebrc s\u00f6n i contign\u00fcs \u00e9 ma de Eurac Research.<\/p>\n<p style=\"text-align: justify;\">N valg\u00fcgn contign\u00fcs de ch\u00ebsc sit p\u00f3 ince ester material sotmet\u00fc ai d\u00ebrc d\u2019autur de che che l\u2019\u00e1 met\u00fc a desposiziun publicam\u00ebnter. Les operes olache al v\u00ebgn d\u00e9 dant la fontana \u00e9 porch\u00ebl ma di titolars di d\u00ebrc y de s\u00fc suzessurs de d\u00ebrt. Cun s\u00fca publicaziun ne surand\u00e1 Eurac Research degun d\u00ebrt s\u00f6n deg\u00fcgn contign\u00fcs dl sit web.<\/p>\n<p style=\"text-align: justify;\">D\u00fcc i contign\u00fcs public\u00e1 o s\u00f6n ch\u00ebsc sit web, cun lapr\u00f3 s\u00fca seleziun y organisaziun, sci\u00f6che ince la desposiziun y le design dl sit web, \u00e9 scon\u00e1 alad\u00f4 dles desposiziuns var\u00ebntes s\u00f6n les operes dl intelet. Eurac Research respet\u00ebia a vigni moda i d\u00ebrc de propriet\u00e9 inteletuala di atri.<\/p>\n<p style=\"text-align: justify;\">Le sit y i dac contign\u00fcs p\u00f3 ma gn\u00ed ador\u00e1 por adoranza personala (por ej. por s\u2019inform\u00e9, inresc\u00ed, studi\u00e9) o a vigni moda nia por rajuns comerziales, tan inant che al v\u00ebgn zit\u00e9 la fontana (Academia Europeica de Balsan (Eurac Research) &#8211; Istitut de linguistica aplicada (a cura de). Sistem informatif por la terminologia iuridica <em>bistro. <\/em>Balsan: Eurac Research. http:\/\/bistro.eurac.edu<em>. <\/em>Consult\u00e9 ai dd.mm.aaaa).<\/p>\n<p style=\"text-align: justify;\">Vigni adoranza por rajuns comerziales o sfrutam\u00ebnt economich da pert di ut\u00ebnc \u00e9 porch\u00ebl dagnora epressam\u00ebnter proibida. Por rajuns de davagn \u00e9l conzed\u00fc da ador\u00e9, copi\u00e9 y orti\u00e9 inant i docum\u00ebnc y les imajes desponibles s\u00f6n ch\u00ebsc sit imporm\u00f3 do av\u00ebi ciaf\u00e9 l\u2019autorisaziun scrita.<\/p>\n<h2>Tratam\u00ebnt di dac personai<\/h2>\n<p>Por con\u00ebsce a na moda detaiada les modalit\u00e9s de gestiun dl sit por ci che reverda le tratam\u00ebnt di dac di ut\u00ebnc ciaredi ales plates <a href=\"http:\/\/bistro.eurac.edu\/la\/privacy-policy-y-cookie-policy\/\">Cookies &amp; privacy<\/a>.<\/div> <\/div> <\/div><\/div><\/div><\/section>\n","protected":false},"excerpt":{"rendered":"Termins y condiziuns d\u2019adornaza dl sit web \u00a0 Academia Europeica de Balsan - Eurac Research Alea Druso, 1 39100 Balsan - Talia Tel: +39 0471 055 100 E-mail: linguistics@eurac.edu Partita IVA: 01659400210 Notes legales Ch\u00ebsc sit http:\/\/bistro.eurac.edu (ded\u00f4 ma pl\u00fc...","protected":false},"author":4,"featured_media":0,"parent":0,"menu_order":0,"comment_status":"closed","ping_status":"closed","template":"","meta":{"footnotes":""},"class_list":["post-5548","page","type-page","status-publish","hentry"],"_links":{"self":[{"href":"https:\/\/bistro.eurac.edu\/la\/wp-json\/wp\/v2\/pages\/5548","targetHints":{"allow":["GET"]}}],"collection":[{"href":"https:\/\/bistro.eurac.edu\/la\/wp-json\/wp\/v2\/pages"}],"about":[{"href":"https:\/\/bistro.eurac.edu\/la\/wp-json\/wp\/v2\/types\/page"}],"author":[{"embeddable":true,"href":"https:\/\/bistro.eurac.edu\/la\/wp-json\/wp\/v2\/users\/4"}],"replies":[{"embeddable":true,"href":"https:\/\/bistro.eurac.edu\/la\/wp-json\/wp\/v2\/comments?post=5548"}],"version-history":[{"count":7,"href":"https:\/\/bistro.eurac.edu\/la\/wp-json\/wp\/v2\/pages\/5548\/revisions"}],"predecessor-version":[{"id":5848,"href":"https:\/\/bistro.eurac.edu\/la\/wp-json\/wp\/v2\/pages\/5548\/revisions\/5848"}],"wp:attachment":[{"href":"https:\/\/bistro.eurac.edu\/la\/wp-json\/wp\/v2\/media?parent=5548"}],"curies":[{"name":"wp","href":"https:\/\/api.w.org\/{rel}","templated":true}]}}