{"id":5492,"date":"2016-08-26T10:07:52","date_gmt":"2016-08-26T09:07:52","guid":{"rendered":"http:\/\/bistro.eurac.edu\/it\/?page_id=5492"},"modified":"2021-09-29T08:16:19","modified_gmt":"2021-09-29T07:16:19","slug":"termini-e-condizioni-di-utilizzo-del-sito-web","status":"publish","type":"page","link":"https:\/\/bistro.eurac.edu\/it\/termini-e-condizioni-di-utilizzo-del-sito-web\/","title":{"rendered":"Termini e condizioni di utilizzo del sito web"},"content":{"rendered":"<p><span style=\"color: #a7a9ac;\"><section class=\"l-section wpb_row height_medium\"><div class=\"l-section-h g-html i-cf\"><div class=\"g-cols offset_medium\"><div class=\" full-width\"><div class=\"wpb_text_column \"><div class=\"wpb_wrapper\"><\/span><\/p>\n<h1 style=\"text-align: center;\"><span style=\"color: #a7a9ac;\"><strong>Termini e condizioni di utilizzo del sito web<\/strong><\/span><\/h1>\n<p>&nbsp;<\/p>\n<p><span style=\"color: #a7a9ac;\"><strong>Accademia Europea di Bolzano &#8211; Eurac Research<\/strong><\/span><br \/>\n<span style=\"color: #a7a9ac;\"> Viale Druso, 1<\/span><br \/>\n<span style=\"color: #a7a9ac;\"> 39100 Bolzano &#8211; Italia<\/span><br \/>\n<span style=\"color: #a7a9ac;\"> Tel: +39 0471 055 100<\/span><br \/>\n<span style=\"color: #a7a9ac;\"> E-mail: linguistics@eurac.edu<\/span><br \/>\n<span style=\"color: #a7a9ac;\"> Partita IVA: 01659400210<\/span><\/p>\n<h2><span style=\"color: #a7a9ac;\">Note legali<\/span><\/h2>\n<p style=\"text-align: justify;\"><span style=\"color: #a7a9ac;\">Questo sito http:\/\/bistro.eurac.edu (di seguito per brevit\u00e0 \u201csito\u201d) contiene una banca dati di terminologia giuridica.<\/span><\/p>\n<p style=\"text-align: justify;\"><span style=\"color: #a7a9ac;\">Il titolare del sito \u00e8 l\u2019Accademia Europea di Bolzano (di seguito per brevit\u00e0 \u201cEurac Research\u201d).<\/span><\/p>\n<p style=\"text-align: justify;\"><span style=\"color: #a7a9ac;\">Per aiutarci a fornire dati il pi\u00f9 possibile aggiornati e corretti, si consiglia agli utenti di segnalare qualsiasi imprecisione o malfunzionamento inviando una e-mail a<\/span> <a href=\"mailto:bistro@eurac.edu\">bistro@eurac.edu<\/a> <span style=\"color: #a7a9ac;\">oppure compilando il modulo di \u201cFeedback\u201d.<\/span><\/p>\n<p style=\"text-align: justify;\"><span style=\"color: #a7a9ac;\">L\u2019accesso o utilizzo di questo sito web implica l\u2019accettazione senza restrizioni da parte dell\u2019utente delle condizioni di seguito specificate. In caso contrario, non sar\u00e0 consentito accedere, utilizzare dati di qualsiasi tipo da questo sito.<\/span><\/p>\n<p style=\"text-align: justify;\"><span style=\"color: #a7a9ac;\">Eurac Research si riserva il diritto di aggiornare o modificare i contenuti del presente sito nonch\u00e9 le presenti condizioni e le modalit\u00e0 di utilizzo del sito web, senza alcun obbligo di preavviso. Nel caso di modifiche alle condizioni, l\u2019accesso al sito implica l\u2019impegno a rispettare le condizioni cos\u00ec come modificate.<\/span><\/p>\n<p style=\"text-align: justify;\"><span style=\"color: #a7a9ac;\">L\u2019eventuale inosservanza delle presenti disposizioni, salvo esplicita autorizzazione scritta per i diritti disponibili, sar\u00e0 perseguita nelle competenti sedi giudiziarie civili e penali di Bolzano applicando la legge italiana.<\/span><\/p>\n<h2><span style=\"color: #a7a9ac;\">Esonero da responsabilit\u00e0<\/span><\/h2>\n<p style=\"text-align: justify;\"><span style=\"color: #a7a9ac;\">Tutti i contenuti di questo sito vengono redatti ed aggiornati con la massima cura ed attenzione. Ci\u00f2 potrebbe tuttavia non rappresentare una garanzia della correttezza, completezza e attualit\u00e0 dei contenuti- Pertanto, Eurac Research non potr\u00e0 essere ritenuta in alcun modo responsabile dei danni di qualsiasi natura causati direttamente, indirettamente o accidentalmente, che dovessero derivare agli utenti dall\u2019accesso e dall\u2019utilizzo del sito nonch\u00e9 dalla lettura o dall\u2019impiego delle informazioni pubblicate o dai contenuti presenti sul sito, a causa di eventuali errori e omissioni concernenti i contenuti pubblicati nel sito, nonch\u00e9 dall\u2019incapacit\u00e0 o impossibilit\u00e0 di accedervi.<\/span><\/p>\n<p style=\"text-align: justify;\"><span style=\"color: #a7a9ac;\">I contenuti del sito sono redatti e curati dall\u2019Istituto di linguistica applicata di Eurac Research.<\/span><\/p>\n<p style=\"text-align: justify;\"><span style=\"color: #a7a9ac;\">Eurac Research si riserva, inoltre, il diritto di inibire, proibire o sospendere, in qualsiasi momento e senza preavviso, l\u2019accesso al presente sito e i relativi servizi.<\/span><\/p>\n<p style=\"text-align: justify;\"><span style=\"color: #a7a9ac;\">Inoltre, i contenuti non costituiscono alcuna forma di consulenza.<\/span><\/p>\n<h2><span style=\"color: #a7a9ac;\">Accesso ai siti esterni collegati<\/span><\/h2>\n<p style=\"text-align: justify;\"><span style=\"color: #a7a9ac;\">Eurac Research non ha alcuna responsabilit\u00e0 per quanto riguarda i siti esterni ai quali \u00e8 possibile accedere tramite i collegamenti posti all\u2019interno del sito. Eurac Research non \u00e8 responsabile n\u00e9 per le informazioni ottenute dall\u2019utente tramite l\u2019accesso a questi, n\u00e9 per le loro caratteristiche di accessibilit\u00e0 e usabilit\u00e0: della completezza e precisione delle informazioni disponibili in tali siti, cos\u00ec come della loro grafica e funzionalit\u00e0, sono da ritenersi responsabili i soggetti titolari dei siti ai quali si accede alle condizioni dagli stessi previste.<\/span><\/p>\n<h2><span style=\"color: #a7a9ac;\">Copyright<\/span><\/h2>\n<p style=\"text-align: justify;\"><span style=\"color: #a7a9ac;\">Il presente sito e, ove non diversamente indicato, tutti i diritti sui contenuti sono di titolarit\u00e0 e pertinenza esclusiva di Eurac Research.<\/span><\/p>\n<p style=\"text-align: justify;\"><span style=\"color: #a7a9ac;\">Alcuni contenuti di questo sito possono rappresentare anche materiale soggetto ai diritti d\u2019autore di coloro che lo hanno messo a disposizione pubblicamente. Le opere delle quali viene indicata la fonte sono, dunque, di propriet\u00e0 esclusiva dei rispettivi titolari dei diritti e dei loro aventi causa. Con la loro pubblicazione, Eurac Research non trasmette alcun diritto su nessuno dei contenuti del sito web.<\/span><\/p>\n<p style=\"text-align: justify;\"><span style=\"color: #a7a9ac;\">Tutti i contenuti pubblicati o presenti su questo sito web, compresa la loro selezione e organizzazione nonch\u00e9 la disposizione e il design del sito web, sono protetti ai sensi della normativa vigente in tema di opere dell\u2019ingegno. Eurac Research rispetta in ogni caso i diritti di propriet\u00e0 intellettuale altrui.<\/span><\/p>\n<p style=\"text-align: justify;\"><span style=\"color: #a7a9ac;\">Il sito e i dati ivi contenuti possono essere utilizzati solo per uso personale (ad esempio per propria informazione, ricerca, studio), o comunque non commerciale, purch\u00e9 venga menzionata la fonte (Accademia europea di Bolzano (Eurac Research) &#8211; Istituto di linguistica applicata (a cura di). Sistema informativo per la terminologia giuridica <em>bistro<\/em>. Bolzano: Eurac Research. http:\/\/bistro.eurac.edu. Consultato in data gg\/mm\/aaaa.)<\/span><\/p>\n<p style=\"text-align: justify;\"><span style=\"color: #a7a9ac;\">Qualsiasi utilizzo per intento o utilit\u00e0 commerciale o di sfruttamento economico da parte degli utenti \u00e8 pertanto sempre espressamente vietato. Per fini di lucro \u00e8 consentito utilizzare, copiare e distribuire i documenti e le relative immagini disponibili su questo sito solo dietro permesso scritto.<\/span><\/p>\n<h2><span style=\"color: #a7a9ac;\">Trattamento dei dati personali<\/span><\/h2>\n<p style=\"text-align: justify;\"><span style=\"color: #a7a9ac;\">Al fine di conoscere in modo dettagliato le modalit\u00e0 di gestione del sito relativamente al trattamento dei dati degli utenti che lo consultano si rimanda alla pagina <a style=\"color: #a7a9ac;\" href=\"http:\/\/bistro.eurac.edu\/it\/privacy-policy-e-cookie-policy\/\">Cookies &amp; privacy<\/a>.<\/span><\/p>\n<p><span style=\"color: #a7a9ac;\"><\/div> <\/div> <\/div><\/div><\/div><\/section><\/span><\/p>\n","protected":false},"excerpt":{"rendered":"Termini e condizioni di utilizzo del sito web &nbsp; Accademia Europea di Bolzano - Eurac Research Viale Druso, 1 39100 Bolzano - Italia Tel: +39 0471 055 100 E-mail: linguistics@eurac.edu Partita IVA: 01659400210 Note legali Questo sito http:\/\/bistro.eurac.edu (di seguito...","protected":false},"author":4,"featured_media":0,"parent":0,"menu_order":0,"comment_status":"closed","ping_status":"closed","template":"","meta":{"footnotes":""},"class_list":["post-5492","page","type-page","status-publish","hentry"],"_links":{"self":[{"href":"https:\/\/bistro.eurac.edu\/it\/wp-json\/wp\/v2\/pages\/5492","targetHints":{"allow":["GET"]}}],"collection":[{"href":"https:\/\/bistro.eurac.edu\/it\/wp-json\/wp\/v2\/pages"}],"about":[{"href":"https:\/\/bistro.eurac.edu\/it\/wp-json\/wp\/v2\/types\/page"}],"author":[{"embeddable":true,"href":"https:\/\/bistro.eurac.edu\/it\/wp-json\/wp\/v2\/users\/4"}],"replies":[{"embeddable":true,"href":"https:\/\/bistro.eurac.edu\/it\/wp-json\/wp\/v2\/comments?post=5492"}],"version-history":[{"count":13,"href":"https:\/\/bistro.eurac.edu\/it\/wp-json\/wp\/v2\/pages\/5492\/revisions"}],"predecessor-version":[{"id":6048,"href":"https:\/\/bistro.eurac.edu\/it\/wp-json\/wp\/v2\/pages\/5492\/revisions\/6048"}],"wp:attachment":[{"href":"https:\/\/bistro.eurac.edu\/it\/wp-json\/wp\/v2\/media?parent=5492"}],"curies":[{"name":"wp","href":"https:\/\/api.w.org\/{rel}","templated":true}]}}