{"id":5897,"date":"2020-04-21T05:56:56","date_gmt":"2020-04-21T04:56:56","guid":{"rendered":"http:\/\/bistro.eurac.edu\/?page_id=5897"},"modified":"2023-07-12T06:00:57","modified_gmt":"2023-07-12T05:00:57","slug":"news_de","status":"publish","type":"page","link":"https:\/\/bistro.eurac.edu\/de\/news_de\/","title":{"rendered":"NEWS_DE"},"content":{"rendered":"<h1 style=\"text-align: center;\"><span style=\"color: #a7a9ac;\"><strong>News<\/strong><\/span><\/h1>\n<p><span style=\"color: #999999;\"><strong>12.07.2023: <\/strong>Jetzt neu in <em>bistro<\/em>: terminologische Eintr\u00e4ge zum Themenbereich Kondominium (Miteigentum an Geb\u00e4uden).<\/span><\/p>\n<p><span style=\"color: #999999;\"><strong>25.05.2023:<\/strong> Online in <em>bistro<\/em>: die Bezeichnungen der aktuellen Ministerien der italienischen Regierung.<\/span><\/p>\n<p><span style=\"color: #a7a9ac;\"><strong>09.08.2022<\/strong>: Jetzt neu in <em>bistro<\/em>: terminologische Eintr\u00e4ge zum Themenbereich Cybersicherheit.<\/span><\/p>\n<p><span style=\"color: #a7a9ac;\"><strong>27.09.2021<\/strong>: Es ist m\u00f6glich, eine Liste aller\u00a0<em>bistro<\/em>-Eintr\u00e4ge zum Themenbereich epidemiologischer Notstand COVID-19 anzeigen zu lassen. Die in<em>\u00a0bistro\u00a0<\/em>enthaltene Terminologie zu diesem und anderen Themenbereichen wird laufend erweitert bzw. aktualisiert.<\/span><\/p>\n<p><span style=\"color: #a7a9ac;\"><strong>02.08.2021:<\/strong>\u00a0Hinweis:\u00a0Aus technischen Gr\u00fcnden kommt es derzeit vermehrt zu Ausf\u00e4llen von <em>bistro<\/em>. Wir entschuldigen uns f\u00fcr die Unannehmlichkeiten. Wir arbeiten an der Behebung des Problems und bitten um Ihr Verst\u00e4ndnis.<\/span><\/p>\n<p><span style=\"color: #a7a9ac;\"><strong>10.06.2021:<\/strong> <em>bistro <\/em>hat zwei neue Fachgebiete: Gesundheitsrecht und Datenschutzrecht. Au\u00dferdem ist es jetzt m\u00f6glich, eine Liste aller <em>bistro<\/em>-Eintr\u00e4ge zum Themenbereich epidemiologischer Notstand COVID-19 anzeigen zu lassen. Die in<em> bistro <\/em>enthaltene Terminologie zu diesem und anderen Themenbereichen wird laufend erweitert bzw. aktualisiert.<\/span><\/p>\n<p><span style=\"color: #a7a9ac;\"><strong>17.04.2020<\/strong>: Jetzt neu in <em>bistro<\/em>: Relevante Terminologie aus gesetzlichen Vorschriften und Informationsmaterial zum epidemiologischen Notstand COVID-19 und zur \u00f6ffentlichen Gesundheit im Allgemeinen.<\/span> <a href=\"http:\/\/www.provinz.bz.it\/sicherheit-zivilschutz\/zivilschutz\/coronavirus-downloads-dokumente-zum-herunterladen.asp?publ_action=300&amp;publ_image_id=528622\">Hier<\/a><span style=\"color: #a7a9ac;\"> finden Sie auch ein Glossar mit relevanten Begriffen zum Thema (Stand 16.04.2020), die entsprechenden Eintr\u00e4ge mit weiteren terminologischen Informationen sind in bistro enthalten und werden dort laufend aktualisiert.<\/span><\/p>\n<p><span style=\"color: #a7a9ac;\"><strong>15.12.2019<\/strong>:\u00a0Online in <em>bistro<\/em>: mehr als 1.500 terminologische Eintr\u00e4ge zum Arbeitsschutz.<\/span><\/p>\n<p><span style=\"color: #a7a9ac;\"><strong>05.12.2018<\/strong>:\u00a0Jetzt neu in <em>bistro<\/em>: terminologische Eintr\u00e4ge zur Patientenverf\u00fcgung und zur Datenschutz-Grundverordnung (DSGVO).<\/span><\/p>\n<p><span style=\"color: #a7a9ac;\"><strong>01.10.2018<\/strong>:\u00a0Jetzt neu in <em>bistro<\/em>: die Terminologie zur Patientenverf\u00fcgung.<\/span><\/p>\n<p><span style=\"color: #a7a9ac;\"><strong>07.02.2018<\/strong>:\u00a0Jetzt neu in <em>bistro<\/em>: die Terminologie zu den eingetragenen Lebenspartnerschaften und zu den verschiedenen Schultypen.<\/span><\/p>\n<p><span style=\"color: #a7a9ac;\"><strong>27.01.2017<\/strong>:\u00a0Das <em>bistro<\/em>-Tutorial ist jetzt online! Klicken Sie<\/span> <a href=\"https:\/\/youtu.be\/YnpQpVr6Zdg\">hier<\/a><span style=\"color: #a7a9ac;\">, um das Video abzuspielen.<\/span><\/p>\n<p><span style=\"color: #a7a9ac;\"><strong>16.10. 2016<\/strong>: <em>bistro<\/em> wurde erstmals vor \u00fcber 10 Jahren entwickelt. Seitdem haben wir weiter daran gearbeitet, Vorschl\u00e4ge und Anliegen der Benutzer gesammelt, um ein System zu entwickeln, das vollst\u00e4ndiger, schneller und einfacher zu benutzen ist. Sch\u00f6ne Suche!<\/span><\/p>\n","protected":false},"excerpt":{"rendered":"<p>News 12.07.2023: Jetzt neu in bistro: terminologische Eintr\u00e4ge zum Themenbereich Kondominium (Miteigentum an Geb\u00e4uden). 25.05.2023: Online in bistro: die Bezeichnungen der aktuellen Ministerien der italienischen Regierung. 09.08.2022: Jetzt neu in bistro: terminologische Eintr\u00e4ge zum Themenbereich Cybersicherheit. 27.09.2021: Es ist m\u00f6glich,&#8230;<\/p>\n","protected":false},"author":3,"featured_media":0,"parent":0,"menu_order":0,"comment_status":"closed","ping_status":"closed","template":"","meta":{"footnotes":""},"class_list":["post-5897","page","type-page","status-publish","hentry"],"_links":{"self":[{"href":"https:\/\/bistro.eurac.edu\/de\/wp-json\/wp\/v2\/pages\/5897","targetHints":{"allow":["GET"]}}],"collection":[{"href":"https:\/\/bistro.eurac.edu\/de\/wp-json\/wp\/v2\/pages"}],"about":[{"href":"https:\/\/bistro.eurac.edu\/de\/wp-json\/wp\/v2\/types\/page"}],"author":[{"embeddable":true,"href":"https:\/\/bistro.eurac.edu\/de\/wp-json\/wp\/v2\/users\/3"}],"replies":[{"embeddable":true,"href":"https:\/\/bistro.eurac.edu\/de\/wp-json\/wp\/v2\/comments?post=5897"}],"version-history":[{"count":16,"href":"https:\/\/bistro.eurac.edu\/de\/wp-json\/wp\/v2\/pages\/5897\/revisions"}],"predecessor-version":[{"id":6344,"href":"https:\/\/bistro.eurac.edu\/de\/wp-json\/wp\/v2\/pages\/5897\/revisions\/6344"}],"wp:attachment":[{"href":"https:\/\/bistro.eurac.edu\/de\/wp-json\/wp\/v2\/media?parent=5897"}],"curies":[{"name":"wp","href":"https:\/\/api.w.org\/{rel}","templated":true}]}}